{"id":5006,"date":"2015-08-19T06:59:11","date_gmt":"2015-08-19T06:59:11","guid":{"rendered":"http:\/\/zozothemes.com\/wp\/mist\/one-page\/?page_id=5006"},"modified":"2026-04-20T13:59:24","modified_gmt":"2026-04-20T11:59:24","slug":"creative","status":"publish","type":"page","link":"https:\/\/zbigniewpawluczuk.pl\/","title":{"rendered":"Home"},"content":{"rendered":"<p>[vc_row bg_style=&#8221;dark-wrapper&#8221; center_row=&#8221;yes&#8221; typo_style=&#8221;light&#8221; bg_type=&#8221;bg_color&#8221; css=&#8221;.vc_custom_1633892710377{background-color: #5f92bf !important;}&#8221;][vc_column][vc_custom_heading text=&#8221;W dniu 23.04.2026 r. (czwartek) gabinet b\u0119dzie nieczynny.<br \/>\nW zamian wyj\u0105tkowo zapraszamy w \u015brod\u0119, 22.04.2026 r., w godz. 11:00\u201314:00.&#8221; font_container=&#8221;tag:h4|text_align:center&#8221; google_fonts=&#8221;font_family:Archivo%20Black%3Aregular|font_style:400%20regular%3A400%3Anormal&#8221;][\/vc_column][\/vc_row][vc_row center_row=&#8221;yes&#8221; css=&#8221;.vc_custom_1537820058562{margin-top: 10px !important;margin-bottom: 0px !important;border-top-width: 10px !important;border-bottom-width: 0px !important;padding-top: 0px !important;padding-bottom: 0px !important;}&#8221; el_id=&#8221;start&#8221;][vc_column width=&#8221;1\/2&#8243;]<div class=\"zozo-parallax-header\"><div class=\"parallax-header\"><div class=\"parallax-desc default-style text-center\"><h2 style=\"text-align: center;\">GABINET LEKARSKI<\/h2>\n<h2 style=\"text-align: center;\">OG\u00d3LNY I MEDYCYNY PRACY<\/h2>\n<h2 style=\"text-align: center;\">lek. med. Zbigniew Pawluczuk<\/h2>\n<\/div><\/div><\/div><div class=\"zozo-parallax-header\"><div class=\"parallax-header\"><h5 class=\"parallax-title text-left\">Zakres \u015bwiadczonych us\u0142ug<\/h5><\/div><\/div>[vc_column_text css=&#8221;.vc_custom_1619375618550{margin-bottom: 10px !important;border-bottom-width: 10px !important;padding-bottom: 10px !important;}&#8221;]<\/p>\n<ul>\n<li><strong>badania kierowc\u00f3w<\/strong> (badania do prawa jazdy),<\/li>\n<li>badania sanitarno-epidemiologiczne.<\/li>\n<\/ul>\n<p>[\/vc_column_text][\/vc_column][vc_column width=&#8221;1\/2&#8243; offset=&#8221;vc_hidden-xs&#8221; css=&#8221;.vc_custom_1537820031281{padding-top: 300px !important;padding-bottom: 300px !important;background-image: url(https:\/\/zbigniewpawluczuk.pl\/wp-content\/uploads\/2018\/09\/zbigniewpawluczuk.jpg?id=8775) !important;}&#8221;][\/vc_column][\/vc_row][vc_row bg_style=&#8221;dark-wrapper&#8221; center_row=&#8221;yes&#8221; typo_style=&#8221;light&#8221; bg_type=&#8221;bg_color&#8221; css=&#8221;.vc_custom_1537817466359{margin-bottom: 0px !important;border-bottom-width: 0px !important;padding-bottom: 0px !important;}&#8221; el_id=&#8221;przyjecia&#8221;][vc_column]<div class=\"zozo-parallax-header wpb_animate_when_almost_visible wpb_bottom-to-top\"><div class=\"parallax-header\"><h4 class=\"parallax-title text-center\">Godziny przyj\u0119\u0107<\/h4><div class=\"parallax-desc default-style text-center\"><h6>UL. A. WAJDY 10 (1 PI\u0118TRO), 11-200 BARTOSZYCE<\/h6>\n<\/div><\/div><\/div>[\/vc_column][\/vc_row][vc_row bg_style=&#8221;dark-wrapper&#8221; center_row=&#8221;yes&#8221; typo_style=&#8221;light&#8221; bg_type=&#8221;bg_color&#8221; css=&#8221;.vc_custom_1537817082868{margin-top: 0px !important;border-top-width: 0px !important;padding-top: 10px !important;}&#8221;][vc_column width=&#8221;1\/3&#8243;]<div class=\"zozo-feature-box feature-box-style style-default-box style-sep-yes  wpb_animate_when_almost_visible wpb_left-to-right\" id=\"feature-box-1\"><div class=\"grid-item\"><div class=\"grid-box-inner grid-text-left grid-box-large grid-box-icon-none grid-shape-none\"><div class=\"grid-icon-wrapper icon-hv-color shape-icon-none\"><i class=\"simple-icon icon-arrow-right grid-icon zozo-icon icon-none icon-skin-default icon-bg pattern-1 icon-large\"><\/i><\/div><div class=\"grid-content-wrapper\"><h3 class=\"grid-title \" >PONIEDZIA\u0141EK<\/h3><div class=\"grid-desc text-left\" ><h3><strong>11:00 &#8211; 14:00<\/strong><\/h3>\n<\/div><\/div><\/div><\/div><\/div>[\/vc_column][vc_column width=&#8221;1\/3&#8243;]<div class=\"zozo-feature-box feature-box-style style-default-box style-sep-yes  wpb_animate_when_almost_visible wpb_left-to-right\" id=\"feature-box-2\"><div class=\"grid-item\"><div class=\"grid-box-inner grid-text-left grid-box-large grid-box-icon-none grid-shape-none\"><div class=\"grid-icon-wrapper icon-hv-color shape-icon-none\"><i class=\"simple-icon icon-arrow-right grid-icon zozo-icon icon-none icon-skin-default icon-bg pattern-1 icon-large\"><\/i><\/div><div class=\"grid-content-wrapper\"><h3 class=\"grid-title \" >WTOREK<\/h3><div class=\"grid-desc text-left\" ><h3><strong>11:00 &#8211; 14:00<\/strong><\/h3>\n<\/div><\/div><\/div><\/div><\/div>[\/vc_column][vc_column width=&#8221;1\/3&#8243;]<div class=\"zozo-feature-box feature-box-style style-default-box style-sep-yes  wpb_animate_when_almost_visible wpb_left-to-right\" id=\"feature-box-3\"><div class=\"grid-item\"><div class=\"grid-box-inner grid-text-left grid-box-large grid-box-icon-none grid-shape-none\"><div class=\"grid-icon-wrapper icon-hv-color shape-icon-none\"><i class=\"simple-icon icon-arrow-right grid-icon zozo-icon icon-none icon-skin-default icon-bg pattern-1 icon-large\"><\/i><\/div><div class=\"grid-content-wrapper\"><h3 class=\"grid-title \" >CZWARTEK<\/h3><div class=\"grid-desc text-left\" ><h3><strong>11:00 &#8211; 14:00<\/strong><\/h3>\n<\/div><\/div><\/div><\/div><\/div>[\/vc_column][\/vc_row][vc_row center_row=&#8221;yes&#8221; el_id=&#8221;kontakt&#8221; css=&#8221;.vc_custom_1537818058184{margin-bottom: 0px !important;border-bottom-width: 0px !important;padding-bottom: 0px !important;}&#8221;][vc_column]<div class=\"zozo-parallax-header wpb_animate_when_almost_visible wpb_bottom-to-top\"><div class=\"parallax-header\"><h4 class=\"parallax-title text-center\">Kontakt<\/h4><\/div><\/div>[\/vc_column][\/vc_row][vc_row full_width=&#8221;stretch_row&#8221; bg_style=&#8221;dark-wrapper&#8221; center_row=&#8221;yes&#8221; typo_style=&#8221;light&#8221; bg_type=&#8221;bg_color&#8221; css=&#8221;.vc_custom_1537818013033{margin-top: 0px !important;border-top-width: 0px !important;padding-top: 0px !important;}&#8221; bg_color_value=&#8221;#ffffff&#8221;][vc_column width=&#8221;1\/3&#8243;]<div class=\"zozo-feature-box feature-box-style style-default-box style-sep-no  wpb_animate_when_almost_visible wpb_bottom-to-top\" id=\"feature-box-4\"><div class=\"grid-item\"><div class=\"grid-box-inner grid-text-center grid-box-large grid-box-icon-circle grid-icon-shape grid-shape-none\"><div class=\"grid-icon-wrapper icon-hv-bg-icon shape-icon-circle\"><i class=\"icomoon2 icomoon2-phone4 grid-icon zozo-icon icon-shape icon-circle icon-skin-default icon-bg pattern-1 icon-large\"><\/i><\/div><div class=\"grid-desc\" ><h4 style=\"text-align: center;\"><span style=\"color: #000000;\"><a style=\"color: #000000;\" href=\"tel:+48884602498\">+48 884 602 498<\/a><\/span><\/h4>\n<\/div><\/div><\/div><\/div>[\/vc_column][vc_column width=&#8221;1\/3&#8243;]<div class=\"zozo-feature-box feature-box-style style-default-box style-sep-no  wpb_animate_when_almost_visible wpb_top-to-bottom\" id=\"feature-box-5\"><div class=\"grid-item\"><div class=\"grid-box-inner grid-text-center grid-box-large grid-box-icon-circle grid-icon-shape grid-shape-none\"><div class=\"grid-icon-wrapper icon-hv-bg-icon shape-icon-circle\"><i class=\"icomoon2 icomoon2-envelope2 grid-icon zozo-icon icon-shape icon-circle icon-skin-default icon-bg pattern-1 icon-large\"><\/i><\/div><div class=\"grid-desc\" ><h4 style=\"text-align: center;\"><span style=\"color: #000000;\"><a style=\"color: #000000;\" href=\"mailto:pawluczukzbigniew@gmail.com\">pawluczukzbigniew@gmail.com<\/a><\/span><\/h4>\n<\/div><\/div><\/div><\/div>[\/vc_column][vc_column width=&#8221;1\/3&#8243;]<div class=\"zozo-feature-box feature-box-style style-default-box style-sep-no  wpb_animate_when_almost_visible wpb_top-to-bottom\" id=\"feature-box-6\"><div class=\"grid-item\"><div class=\"grid-box-inner grid-text-center grid-box-large grid-box-icon-circle grid-icon-shape grid-shape-none\"><div class=\"grid-icon-wrapper icon-hv-bg-icon shape-icon-circle\"><i class=\"icomoon2 icomoon2-home grid-icon zozo-icon icon-shape icon-circle icon-skin-default icon-bg pattern-1 icon-large\"><\/i><\/div><div class=\"grid-desc\" ><h4 style=\"text-align: center;\"><span style=\"color: #000000;\">ul. A. Wajdy 10 (1 pi\u0119tro)<\/span><br \/>\n<span style=\"color: #000000;\">11-200 Bartoszyce<\/span><\/h4>\n<\/div><\/div><\/div><\/div>[\/vc_column][\/vc_row][vc_row][vc_column][\/vc_column][\/vc_row]<\/p>\n","protected":false},"excerpt":{"rendered":"<p>[vc_row bg_style=&#8221;dark-wrapper&#8221; center_row=&#8221;yes&#8221; typo_style=&#8221;light&#8221; bg_type=&#8221;bg_color&#8221; css=&#8221;.vc_custom_1633892710377{background-color: #5f92bf !important;}&#8221;][vc_column][vc_custom_heading text=&#8221;W dniu 23.04.2026 r. (czwartek) gabinet b\u0119dzie nieczynny. W zamian wyj\u0105tkowo zapraszamy w \u015brod\u0119, 22.04.2026 r., w godz. 11:00\u201314:00.&#8221; font_container=&#8221;tag:h4|text_align:center&#8221; google_fonts=&#8221;font_family:Archivo%20Black%3Aregular|font_style:400%20regular%3A400%3Anormal&#8221;][\/vc_column][\/vc_row][vc_row center_row=&#8221;yes&#8221;&#8230;<\/p>\n","protected":false},"author":1,"featured_media":0,"parent":0,"menu_order":0,"comment_status":"closed","ping_status":"closed","template":"template-fullwidth.php","meta":{"footnotes":""},"class_list":["post-5006","page","type-page","status-publish","hentry"],"_links":{"self":[{"href":"https:\/\/zbigniewpawluczuk.pl\/index.php\/wp-json\/wp\/v2\/pages\/5006","targetHints":{"allow":["GET"]}}],"collection":[{"href":"https:\/\/zbigniewpawluczuk.pl\/index.php\/wp-json\/wp\/v2\/pages"}],"about":[{"href":"https:\/\/zbigniewpawluczuk.pl\/index.php\/wp-json\/wp\/v2\/types\/page"}],"author":[{"embeddable":true,"href":"https:\/\/zbigniewpawluczuk.pl\/index.php\/wp-json\/wp\/v2\/users\/1"}],"replies":[{"embeddable":true,"href":"https:\/\/zbigniewpawluczuk.pl\/index.php\/wp-json\/wp\/v2\/comments?post=5006"}],"version-history":[{"count":114,"href":"https:\/\/zbigniewpawluczuk.pl\/index.php\/wp-json\/wp\/v2\/pages\/5006\/revisions"}],"predecessor-version":[{"id":9105,"href":"https:\/\/zbigniewpawluczuk.pl\/index.php\/wp-json\/wp\/v2\/pages\/5006\/revisions\/9105"}],"wp:attachment":[{"href":"https:\/\/zbigniewpawluczuk.pl\/index.php\/wp-json\/wp\/v2\/media?parent=5006"}],"curies":[{"name":"wp","href":"https:\/\/api.w.org\/{rel}","templated":true}]}}